{"id":2027,"date":"2022-08-01T21:25:23","date_gmt":"2022-08-01T20:25:23","guid":{"rendered":"https:\/\/paragliding-austria.com\/crowdfunding\/"},"modified":"2022-08-01T21:25:24","modified_gmt":"2022-08-01T20:25:24","slug":"crowdfunding","status":"publish","type":"page","link":"https:\/\/paragliding-austria.com\/nl\/crowdfunding\/","title":{"rendered":"Crowdfunding"},"content":{"rendered":"\n\t<div id=\"gap-241756670\" class=\"gap-element clearfix\" style=\"display:block; height:auto;\">\n\t\t\n<style>\n#gap-241756670 {\n  padding-top: 30px;\n}\n<\/style>\n\t<\/div>\n\t\n\n  <div class=\"banner-grid-wrapper\">\n  <div id=\"banner-grid-2079711917\" class=\"banner-grid row row-grid row-small\" data-packery-options=\"\">\n                      \n\n<div class=\"col grid-col small-12 large-8 grid-col-1\" ><div class=\"col-inner box-shadow-1\">\n\n<div class=\"slider-wrapper relative\" id=\"slider-2042008233\" >\n    <div class=\"slider slider-nav-circle slider-nav-large slider-nav-light slider-style-normal\"\n        data-flickity-options='{\n            \"cellAlign\": \"center\",\n            \"imagesLoaded\": true,\n            \"lazyLoad\": 1,\n            \"freeScroll\": false,\n            \"wrapAround\": true,\n            \"autoPlay\": 6000,\n            \"pauseAutoPlayOnHover\" : true,\n            \"prevNextButtons\": true,\n            \"contain\" : true,\n            \"adaptiveHeight\" : true,\n            \"dragThreshold\" : 10,\n            \"percentPosition\": true,\n            \"pageDots\": true,\n            \"rightToLeft\": false,\n            \"draggable\": true,\n            \"selectedAttraction\": 0.1,\n            \"parallax\" : 0,\n            \"friction\": 0.6        }'\n        >\n        \n\n\n  <div class=\"banner has-hover bg-zoom-fade\" id=\"banner-1050947151\">\n          <div class=\"banner-inner fill\">\n        <div class=\"banner-bg fill\" >\n            <img loading=\"lazy\" decoding=\"async\" width=\"1020\" height=\"574\" src=\"https:\/\/paragliding-austria.com\/wp-content\/uploads\/2021\/11\/Web_Slider-leaf2-3.jpg\" class=\"bg attachment-large size-large\" alt=\"\" \/>                        <div class=\"overlay\"><\/div>            \n                    <\/div>\n\t\t\n        <div class=\"banner-layers container\">\n            <div class=\"fill banner-link\"><\/div>            \n\n   <div id=\"text-box-891063499\" class=\"text-box banner-layer x50 md-x50 lg-x50 y50 md-y50 lg-y50 res-text\">\n                                <div class=\"text-box-content text dark\">\n              \n              <div class=\"text-inner text-center\">\n                  \n\n<p class=\"lead alt-font\"><span style=\"font-size: 190%;\">Are you our Angel?<\/span><\/p>\n<h2 class=\"uppercase\"><span style=\"font-size: 130%;\"><strong>Help us realize<br>the dream<\/strong><\/span><\/h2>\n<div class=\"text-center\"><div class=\"is-divider divider clearfix\" ><\/div><\/div>\n\n<a class=\"button white is-outline is-larger\" >\n\t\t<span>Donate if you like<\/span>\n\t<\/a>\n\n\n\n              <\/div>\n           <\/div>\n                            \n<style>\n#text-box-891063499 {\n  width: 78%;\n}\n#text-box-891063499 .text-box-content {\n  font-size: 99%;\n}\n@media (min-width:550px) {\n  #text-box-891063499 {\n    width: 59%;\n  }\n}\n<\/style>\n    <\/div>\n \n\n        <\/div>\n      <\/div>\n\n            \n<style>\n#banner-1050947151 {\n  padding-top: 500px;\n}\n#banner-1050947151 .overlay {\n  background-color: rgba(192, 142, 0, 0.157);\n}\n#banner-1050947151 .banner-bg img {\n  object-position: 0% 100%;\n}\n<\/style>\n  <\/div>\n\n\n\n  <div class=\"banner has-hover bg-zoom-fade\" id=\"banner-148910562\">\n          <div class=\"banner-inner fill\">\n        <div class=\"banner-bg fill\" >\n            <img loading=\"lazy\" decoding=\"async\" width=\"1020\" height=\"574\" src=\"https:\/\/paragliding-austria.com\/wp-content\/uploads\/2021\/11\/L2L_Web_Slider_7.jpg\" class=\"bg attachment-large size-large\" alt=\"\" \/>                                    \n                    <\/div>\n\t\t\n        <div class=\"banner-layers container\">\n            <div class=\"fill banner-link\"><\/div>            \n\n   <div id=\"text-box-658783334\" class=\"text-box banner-layer x10 md-x10 lg-x10 y50 md-y50 lg-y50 res-text\">\n                                <div class=\"text-box-content text dark\">\n              \n              <div class=\"text-inner text-left\">\n                  \n\n<p class=\"lead alt-font\"><span style=\"font-size: 190%;\">Your donation matters!<\/span><\/p>\n<h2 class=\"uppercase\"><span style=\"font-size: 130%;\"><strong>Be part of our Story<\/strong><\/span><\/h2>\n<div class=\"is-divider divider clearfix\" style=\"background-color:rgb(255, 255, 255);\"><\/div>\n\n<a class=\"button white is-outline is-larger\" >\n\t\t<span>Donate here<\/span>\n\t<\/a>\n\n\n\n              <\/div>\n           <\/div>\n                            \n<style>\n#text-box-658783334 {\n  width: 50%;\n}\n#text-box-658783334 .text-box-content {\n  font-size: 99%;\n}\n<\/style>\n    <\/div>\n \n\n        <\/div>\n      <\/div>\n\n            \n<style>\n#banner-148910562 {\n  padding-top: 500px;\n  background-color: rgb(255, 255, 255);\n}\n#banner-148910562 .banner-bg img {\n  object-position: 44% 0%;\n}\n<\/style>\n  <\/div>\n\n\n\n     <\/div>\n\n     <div class=\"loading-spin dark large centered\"><\/div>\n\n\t<\/div>\n\n\n\n<\/div><\/div>\n<div class=\"col grid-col small-12 large-4 grid-col-1-2\" ><div class=\"col-inner box-shadow-1\">\n\n\n  <div class=\"banner has-hover bg-zoom-fade\" id=\"banner-1638929248\">\n          <div class=\"banner-inner fill\">\n        <div class=\"banner-bg fill\" >\n            <img loading=\"lazy\" decoding=\"async\" width=\"500\" height=\"333\" src=\"https:\/\/paragliding-austria.com\/wp-content\/uploads\/2022\/01\/polaroid-crowdfunding.jpg\" class=\"bg attachment-medium size-medium\" alt=\"\" \/>                        <div class=\"overlay\"><\/div>            \n                    <\/div>\n\t\t\n        <div class=\"banner-layers container\">\n            <div class=\"fill banner-link\"><\/div>            \n\n   <div id=\"text-box-2030266826\" class=\"text-box banner-layer x50 md-x50 lg-x50 y50 md-y50 lg-y50 res-text\">\n                                <div class=\"text-box-content text dark\">\n              \n              <div class=\"text-inner text-center\">\n                  \n\n\t<div id=\"text-624934018\" class=\"text\">\n\t\t\n\n<p class=\"lead alt-font\"><span style=\"font-size: 190%;\">Be part of our Story!<\/span><\/p>\n<h2 class=\"uppercase\"><strong>Your Polaroid picture on our wall?!<\/strong><\/h2>\n\t\t\n<style>\n#text-624934018 {\n  color: rgb(255,255,255);\n}\n#text-624934018 > * {\n  color: rgb(255,255,255);\n}\n<\/style>\n\t<\/div>\n\t\n<div class=\"is-divider divider clearfix\" style=\"background-color:rgb(255, 255, 255);\"><\/div>\n\n<a class=\"button white is-outline\" >\n\t\t<span>Donate + Photo<\/span>\n\t<\/a>\n\n\n\n              <\/div>\n           <\/div>\n                            \n<style>\n#text-box-2030266826 {\n  width: 60%;\n}\n#text-box-2030266826 .text-box-content {\n  font-size: 100%;\n}\n@media (min-width:550px) {\n  #text-box-2030266826 {\n    width: 67%;\n  }\n}\n<\/style>\n    <\/div>\n \n\n        <\/div>\n      <\/div>\n\n            \n<style>\n#banner-1638929248 {\n  padding-top: 500px;\n}\n#banner-1638929248 .overlay {\n  background-color: rgba(0,0,0,.5);\n}\n#banner-1638929248 .banner-bg img {\n  object-position: 56% 61%;\n}\n<\/style>\n  <\/div>\n\n\n\n<\/div><\/div>\n<div class=\"col grid-col small-13 large-4 grid-col-1-2\" ><div class=\"col-inner box-shadow-1\">\n\n\n  <div class=\"banner has-hover bg-zoom-fade\" id=\"banner-732089171\">\n          <div class=\"banner-inner fill\">\n        <div class=\"banner-bg fill\" >\n                                                \n                    <\/div>\n\t\t\n        <div class=\"banner-layers container\">\n            <div class=\"fill banner-link\"><\/div>            \n\n   <div id=\"text-box-986702988\" class=\"text-box banner-layer x50 md-x50 lg-x50 y50 md-y50 lg-y50 res-text\">\n                                <div class=\"text-box-content text dark\">\n              \n              <div class=\"text-inner text-center\">\n                  \n\n<h2 class=\"uppercase\"><strong>Get a voucher<\/strong><\/h2>\n<div class=\"is-divider divider clearfix\" ><\/div>\n\n\n              <\/div>\n           <\/div>\n                            \n<style>\n#text-box-986702988 {\n  width: 60%;\n}\n#text-box-986702988 .text-box-content {\n  font-size: 100%;\n}\n@media (min-width:550px) {\n  #text-box-986702988 {\n    width: 68%;\n  }\n}\n<\/style>\n    <\/div>\n \n\n        <\/div>\n      <\/div>\n\n            \n<style>\n#banner-732089171 {\n  padding-top: 500px;\n  background-color: #7a9c59;\n}\n<\/style>\n  <\/div>\n\n\n\n<\/div><\/div>\n\n            <\/div>\n    <style>\n    #banner-grid-2079711917 .grid-col-1{height: 575px}\n    #banner-grid-2079711917 .grid-col-1-2{height: 287.5px}\n    #banner-grid-2079711917 .grid-col-1-3{height:191.66666666667px}\n    #banner-grid-2079711917 .grid-col-2-3{height: 383.33333333333px}\n    #banner-grid-2079711917 .grid-col-1-4{height: 143.75px}\n    #banner-grid-2079711917 .grid-col-3-4{height: 431.25px}\n\n\n    \n    \n\n  <\/style>\n    <\/div>\n  \n<div class=\"container section-title-container\" style=\"margin-top:22px;\"><h3 class=\"section-title section-title-bold-center\"><b aria-hidden=\"true\"><\/b><span class=\"section-title-main\" style=\"font-size:undefined%;\">Viele H\u00e4nde machen leichte Arbeit!<\/span><b aria-hidden=\"true\"><\/b><\/h3><\/div>\n\n<div class=\"row\"  id=\"row-2077701339\">\n\n\n\t<div id=\"col-1461214555\" class=\"col small-12 large-12\"  >\n\t\t\t\t<div class=\"col-inner\"  >\n\t\t\t\n\t\t\t\n\n<p style=\"text-align: center;\">Du m\u00f6chtest uns unterst\u00fctzen, aber wei\u00dft nicht, wie? Kein Problem. Auf dieser Seite stellen wir dir ein paar Optionen vor, wie du uns unter die Arme greifen kannst. Jede noch so kleine Hilfe ist im Moment sehr willkommen und muss nicht unbedingt Geld kosten. Dies sind ein paar M\u00f6glichkeiten, die wir f\u00fcr Sie ausgedacht habe, um uns beim Start der Flugschule zu helfen.<\/p>\n\n\t\t<\/div>\n\t\t\t\t\t<\/div>\n\n\t\n\n<\/div>\n\n  <div class=\"banner has-hover has-parallax\" id=\"banner-2031251724\">\n          <div class=\"banner-inner fill\">\n        <div class=\"banner-bg fill\" data-parallax=\"-1\" data-parallax-container=\".banner\" data-parallax-background>\n                                    <div class=\"overlay\"><\/div>            \n                    <\/div>\n\t\t\n        <div class=\"banner-layers container\">\n            <div class=\"fill banner-link\"><\/div>            \n\n   <div id=\"text-box-1306064195\" class=\"text-box banner-layer x10 md-x10 lg-x10 y50 md-y50 lg-y50 res-text\">\n                                <div class=\"text-box-content text dark\">\n              \n              <div class=\"text-inner text-center\">\n                  \n\n\t<div id=\"gap-377589361\" class=\"gap-element clearfix\" style=\"display:block; height:auto;\">\n\t\t\n<style>\n#gap-377589361 {\n  padding-top: 18px;\n}\n<\/style>\n\t<\/div>\n\t\n\n\n              <\/div>\n           <\/div>\n                            \n<style>\n#text-box-1306064195 {\n  width: 78%;\n}\n#text-box-1306064195 .text-box-content {\n  font-size: 100%;\n}\n@media (min-width:550px) {\n  #text-box-1306064195 {\n    width: 37%;\n  }\n}\n<\/style>\n    <\/div>\n \n\n        <\/div>\n      <\/div>\n\n            \n<style>\n#banner-2031251724 {\n  padding-top: 90px;\n}\n#banner-2031251724 .overlay {\n  background-color: rgba(0, 0, 0, 0.26);\n}\n#banner-2031251724 .banner-bg img {\n  object-position: 60% 0%;\n}\n<\/style>\n  <\/div>\n\n\n<div class=\"container section-title-container\" style=\"margin-top:22px;\"><h3 class=\"section-title section-title-bold-center\"><b aria-hidden=\"true\"><\/b><span class=\"section-title-main\" style=\"font-size:undefined%;\">Was nichts kostet:<\/span><b aria-hidden=\"true\"><\/b><\/h3><\/div>\n\n<div class=\"row\"  id=\"row-902206414\">\n\n\n\t<div id=\"col-1130971728\" class=\"col small-12 large-12\"  >\n\t\t\t\t<div class=\"col-inner\"  >\n\t\t\t\n\t\t\t\n\n<ol>\n<li><strong><em>Face to Face | Von Angesicht zu Angesicht<\/em><\/strong><\/li>\n<\/ol>\n<p>Erz\u00e4hle deine Freunden und Bekannten von unserer Flugschule Time Flies in Kirchbach im Gailtal, \u00d6sterreich.<\/p>\n<ol start=\"2\">\n<li><strong>Soziale Medien <em>\u2013 Teilen. Sharing is Caring<\/em><\/strong><\/li>\n<\/ol>\n<p>Sharing is caring hei\u00dft es oft! Wenn du m\u00f6chtest, verbreite die Nachricht also \u00fcber dein soziales Netzwerk.<\/p>\n<p>Teile beispielsweise unsere Website \u00fcber <a href=\"https:\/\/www.facebook.com\/timefliesparaglidingaustria\" target=\"_blank\" rel=\"noopener\"><strong>Facebook<\/strong><\/a> oder erw\u00e4hne und Tag uns in einem <a href=\"https:\/\/www.instagram.com\/timefliesparaglidingaustria\/\" target=\"_blank\" rel=\"noopener\"><strong>Instagram<\/strong><\/a>-Post. <strong>Linkedin<\/strong> scheint auch zu funktionieren und f\u00fcr diejenigen, die wirklich cool sind; Einen <strong>Twitter<\/strong>-Tweet an <strong>Elon Musk<\/strong> oder einfach nur an deine Follower schicken, ist nat\u00fcrlich auch sehr cool.<\/p>\n<p>Wenn du kein Twitter hast, wie ich, ist vielleicht eine Nachricht an deine Freunde per <strong>WhatsApp<\/strong>-, <strong>Signal<\/strong>&#8211; oder <strong>Telegram<\/strong> nat\u00fcrlich auch sehr hilfreich.<\/p>\n<p>Und <strong>Tiktok<\/strong>? Keine Ahnung! Daf\u00fcr bin ich vielleicht zu alt ? aber wer wei\u00df\u2026<\/p>\n<p>Kurz gesagt, Sharing is caring und daf\u00fcr m\u00f6chten wir dir ganz herzlich bedanken!<\/p>\n\n\t\t<\/div>\n\t\t\t\t\t<\/div>\n\n\t\n\n<\/div>\n\n  <div class=\"banner has-hover has-parallax\" id=\"banner-1957547898\">\n          <div class=\"banner-inner fill\">\n        <div class=\"banner-bg fill\" data-parallax=\"-1\" data-parallax-container=\".banner\" data-parallax-background>\n                                    <div class=\"overlay\"><\/div>            \n                    <\/div>\n\t\t\n        <div class=\"banner-layers container\">\n            <div class=\"fill banner-link\"><\/div>            \n\n   <div id=\"text-box-756071918\" class=\"text-box banner-layer x10 md-x10 lg-x10 y50 md-y50 lg-y50 res-text\">\n                                <div class=\"text-box-content text dark\">\n              \n              <div class=\"text-inner text-center\">\n                  \n\n\t<div id=\"gap-834596314\" class=\"gap-element clearfix\" style=\"display:block; height:auto;\">\n\t\t\n<style>\n#gap-834596314 {\n  padding-top: 18px;\n}\n<\/style>\n\t<\/div>\n\t\n\n\n              <\/div>\n           <\/div>\n                            \n<style>\n#text-box-756071918 {\n  width: 78%;\n}\n#text-box-756071918 .text-box-content {\n  font-size: 100%;\n}\n@media (min-width:550px) {\n  #text-box-756071918 {\n    width: 37%;\n  }\n}\n<\/style>\n    <\/div>\n \n\n        <\/div>\n      <\/div>\n\n            \n<style>\n#banner-1957547898 {\n  padding-top: 90px;\n}\n#banner-1957547898 .overlay {\n  background-color: rgba(0, 0, 0, 0.26);\n}\n#banner-1957547898 .banner-bg img {\n  object-position: 60% 0%;\n}\n<\/style>\n  <\/div>\n\n\n<div class=\"container section-title-container\" ><h3 class=\"section-title section-title-bold-center\"><b aria-hidden=\"true\"><\/b><span class=\"section-title-main\" style=\"font-size:undefined%;\">Was Geld kostet:<\/span><b aria-hidden=\"true\"><\/b><\/h3><\/div>\n\n<div class=\"row\"  id=\"row-627865930\">\n\n\n\t<div id=\"col-687683342\" class=\"col small-12 large-12\"  >\n\t\t\t\t<div class=\"col-inner\"  >\n\t\t\t\n\t\t\t\n\n<ol>\n<li><em><strong>Eine Spende. Jedes Bisschen hilft und wir freuen uns \u00fcber jeden Euro.<\/strong><\/em><\/li>\n<li><em><strong>Kaufe ein Geschenkgutschein<\/strong><\/em><\/li>\n<li><em><strong>Oder buche einen Kurs und zahle den vollen Preis ?<\/strong><\/em><\/li>\n<\/ol>\n<p>Mit einer Spende ab \u20ac 10,- wird dein Profilbild auf unserer Wall of Fame platziert, die in der Flugschule h\u00e4ngen wird. Vergesse nicht uns ein Bild zu schicken. <strong>Welches Foto h\u00e4ngt oben?<\/strong> Es sollte eigentlich keine Rolle spielen, aber das Ranking und die Gr\u00f6\u00dfe des Fotos h\u00e4ngen von der gespendeten Summe ab.<\/p>\n<p>Spende dein Wunschbetrag direkt auf das Bankkonto der Flugschule<\/p>\n<p>IBAN: AT98 2070 6046 0046 7775<br>BIC: KSPKAT2KXXX<\/p>\n\n\t\t<\/div>\n\t\t\t\t\t<\/div>\n\n\t\n\n<\/div>\n\t<div id=\"gap-1593483648\" class=\"gap-element clearfix\" style=\"display:block; height:auto;\">\n\t\t\n<style>\n#gap-1593483648 {\n  padding-top: 36px;\n}\n<\/style>\n\t<\/div>\n\t\n\n\n  <div class=\"banner has-hover has-parallax\" id=\"banner-1880059679\">\n          <div class=\"banner-inner fill\">\n        <div class=\"banner-bg fill\" data-parallax=\"-1\" data-parallax-container=\".banner\" data-parallax-background>\n                                    <div class=\"overlay\"><\/div>            \n                    <\/div>\n\t\t\n        <div class=\"banner-layers container\">\n            <div class=\"fill banner-link\"><\/div>            \n\n   <div id=\"text-box-1291524192\" class=\"text-box banner-layer x10 md-x10 lg-x10 y50 md-y50 lg-y50 res-text\">\n                                <div class=\"text-box-content text dark\">\n              \n              <div class=\"text-inner text-center\">\n                  \n\n\t<div id=\"gap-219423925\" class=\"gap-element clearfix\" style=\"display:block; height:auto;\">\n\t\t\n<style>\n#gap-219423925 {\n  padding-top: 18px;\n}\n<\/style>\n\t<\/div>\n\t\n\n\n              <\/div>\n           <\/div>\n                            \n<style>\n#text-box-1291524192 {\n  width: 78%;\n}\n#text-box-1291524192 .text-box-content {\n  font-size: 100%;\n}\n@media (min-width:550px) {\n  #text-box-1291524192 {\n    width: 37%;\n  }\n}\n<\/style>\n    <\/div>\n \n\n        <\/div>\n      <\/div>\n\n            \n<style>\n#banner-1880059679 {\n  padding-top: 101px;\n}\n#banner-1880059679 .overlay {\n  background-color: rgba(0, 0, 0, 0.26);\n}\n#banner-1880059679 .banner-bg img {\n  object-position: 60% 0%;\n}\n<\/style>\n  <\/div>\n\n\n\n","protected":false},"excerpt":{"rendered":"","protected":false},"author":2,"featured_media":0,"parent":0,"menu_order":0,"comment_status":"closed","ping_status":"closed","template":"page-blank.php","meta":{"footnotes":""},"class_list":["post-2027","page","type-page","status-publish","hentry"],"yoast_head":"<!-- This site is optimized with the Yoast SEO plugin v27.5 - https:\/\/yoast.com\/product\/yoast-seo-wordpress\/ -->\n<title>Crowdfunding - Paragliding Austria.com<\/title>\n<meta name=\"robots\" content=\"index, follow, max-snippet:-1, max-image-preview:large, max-video-preview:-1\" \/>\n<link rel=\"canonical\" href=\"https:\/\/paragliding-austria.com\/nl\/crowdfunding\/\" \/>\n<meta property=\"og:locale\" content=\"nl_NL\" \/>\n<meta property=\"og:type\" content=\"article\" \/>\n<meta property=\"og:title\" content=\"Crowdfunding - Paragliding Austria.com\" \/>\n<meta property=\"og:url\" content=\"https:\/\/paragliding-austria.com\/nl\/crowdfunding\/\" \/>\n<meta property=\"og:site_name\" content=\"Paragliding Austria.com\" \/>\n<meta property=\"article:modified_time\" content=\"2022-08-01T20:25:24+00:00\" \/>\n<meta name=\"twitter:card\" content=\"summary_large_image\" \/>\n<meta name=\"twitter:label1\" content=\"Geschatte leestijd\" \/>\n\t<meta name=\"twitter:data1\" content=\"3 minuten\" \/>\n<script type=\"application\/ld+json\" class=\"yoast-schema-graph\">{\"@context\":\"https:\\\/\\\/schema.org\",\"@graph\":[{\"@type\":\"WebPage\",\"@id\":\"https:\\\/\\\/paragliding-austria.com\\\/nl\\\/crowdfunding\\\/\",\"url\":\"https:\\\/\\\/paragliding-austria.com\\\/nl\\\/crowdfunding\\\/\",\"name\":\"Crowdfunding - Paragliding Austria.com\",\"isPartOf\":{\"@id\":\"https:\\\/\\\/paragliding-austria.com\\\/#website\"},\"datePublished\":\"2022-08-01T20:25:23+00:00\",\"dateModified\":\"2022-08-01T20:25:24+00:00\",\"breadcrumb\":{\"@id\":\"https:\\\/\\\/paragliding-austria.com\\\/nl\\\/crowdfunding\\\/#breadcrumb\"},\"inLanguage\":\"nl-NL\",\"potentialAction\":[{\"@type\":\"ReadAction\",\"target\":[\"https:\\\/\\\/paragliding-austria.com\\\/nl\\\/crowdfunding\\\/\"]}]},{\"@type\":\"BreadcrumbList\",\"@id\":\"https:\\\/\\\/paragliding-austria.com\\\/nl\\\/crowdfunding\\\/#breadcrumb\",\"itemListElement\":[{\"@type\":\"ListItem\",\"position\":1,\"name\":\"Home\",\"item\":\"https:\\\/\\\/paragliding-austria.com\\\/nl\\\/\"},{\"@type\":\"ListItem\",\"position\":2,\"name\":\"Crowdfunding\"}]},{\"@type\":\"WebSite\",\"@id\":\"https:\\\/\\\/paragliding-austria.com\\\/#website\",\"url\":\"https:\\\/\\\/paragliding-austria.com\\\/\",\"name\":\"Paragliding Austria.com\",\"description\":\"Paragliding Austria - Flugschule Time Flies\",\"potentialAction\":[{\"@type\":\"SearchAction\",\"target\":{\"@type\":\"EntryPoint\",\"urlTemplate\":\"https:\\\/\\\/paragliding-austria.com\\\/?s={search_term_string}\"},\"query-input\":{\"@type\":\"PropertyValueSpecification\",\"valueRequired\":true,\"valueName\":\"search_term_string\"}}],\"inLanguage\":\"nl-NL\"}]}<\/script>\n<!-- \/ Yoast SEO plugin. -->","yoast_head_json":{"title":"Crowdfunding - Paragliding Austria.com","robots":{"index":"index","follow":"follow","max-snippet":"max-snippet:-1","max-image-preview":"max-image-preview:large","max-video-preview":"max-video-preview:-1"},"canonical":"https:\/\/paragliding-austria.com\/nl\/crowdfunding\/","og_locale":"nl_NL","og_type":"article","og_title":"Crowdfunding - Paragliding Austria.com","og_url":"https:\/\/paragliding-austria.com\/nl\/crowdfunding\/","og_site_name":"Paragliding Austria.com","article_modified_time":"2022-08-01T20:25:24+00:00","twitter_card":"summary_large_image","twitter_misc":{"Geschatte leestijd":"3 minuten"},"schema":{"@context":"https:\/\/schema.org","@graph":[{"@type":"WebPage","@id":"https:\/\/paragliding-austria.com\/nl\/crowdfunding\/","url":"https:\/\/paragliding-austria.com\/nl\/crowdfunding\/","name":"Crowdfunding - Paragliding Austria.com","isPartOf":{"@id":"https:\/\/paragliding-austria.com\/#website"},"datePublished":"2022-08-01T20:25:23+00:00","dateModified":"2022-08-01T20:25:24+00:00","breadcrumb":{"@id":"https:\/\/paragliding-austria.com\/nl\/crowdfunding\/#breadcrumb"},"inLanguage":"nl-NL","potentialAction":[{"@type":"ReadAction","target":["https:\/\/paragliding-austria.com\/nl\/crowdfunding\/"]}]},{"@type":"BreadcrumbList","@id":"https:\/\/paragliding-austria.com\/nl\/crowdfunding\/#breadcrumb","itemListElement":[{"@type":"ListItem","position":1,"name":"Home","item":"https:\/\/paragliding-austria.com\/nl\/"},{"@type":"ListItem","position":2,"name":"Crowdfunding"}]},{"@type":"WebSite","@id":"https:\/\/paragliding-austria.com\/#website","url":"https:\/\/paragliding-austria.com\/","name":"Paragliding Austria.com","description":"Paragliding Austria - Flugschule Time Flies","potentialAction":[{"@type":"SearchAction","target":{"@type":"EntryPoint","urlTemplate":"https:\/\/paragliding-austria.com\/?s={search_term_string}"},"query-input":{"@type":"PropertyValueSpecification","valueRequired":true,"valueName":"search_term_string"}}],"inLanguage":"nl-NL"}]}},"_links":{"self":[{"href":"https:\/\/paragliding-austria.com\/nl\/wp-json\/wp\/v2\/pages\/2027","targetHints":{"allow":["GET"]}}],"collection":[{"href":"https:\/\/paragliding-austria.com\/nl\/wp-json\/wp\/v2\/pages"}],"about":[{"href":"https:\/\/paragliding-austria.com\/nl\/wp-json\/wp\/v2\/types\/page"}],"author":[{"embeddable":true,"href":"https:\/\/paragliding-austria.com\/nl\/wp-json\/wp\/v2\/users\/2"}],"replies":[{"embeddable":true,"href":"https:\/\/paragliding-austria.com\/nl\/wp-json\/wp\/v2\/comments?post=2027"}],"version-history":[{"count":2,"href":"https:\/\/paragliding-austria.com\/nl\/wp-json\/wp\/v2\/pages\/2027\/revisions"}],"predecessor-version":[{"id":2029,"href":"https:\/\/paragliding-austria.com\/nl\/wp-json\/wp\/v2\/pages\/2027\/revisions\/2029"}],"wp:attachment":[{"href":"https:\/\/paragliding-austria.com\/nl\/wp-json\/wp\/v2\/media?parent=2027"}],"curies":[{"name":"wp","href":"https:\/\/api.w.org\/{rel}","templated":true}]}}